{"id":173,"date":"2023-06-05T16:43:27","date_gmt":"2023-06-05T15:43:27","guid":{"rendered":"https:\/\/kozmetickistudiobriliant.rs\/?page_id=173"},"modified":"2023-06-07T12:00:54","modified_gmt":"2023-06-07T11:00:54","slug":"depilacija","status":"publish","type":"page","link":"https:\/\/briliant.borkoilic.com\/?page_id=173","title":{"rendered":"DEPILACIJA"},"content":{"rendered":"\t\t<div data-elementor-type=\"wp-page\" data-elementor-id=\"173\" class=\"elementor elementor-173\" data-elementor-post-type=\"page\">\n\t\t\t\t\t\t<section class=\"ob-is-breaking-bad elementor-section elementor-top-section elementor-element elementor-element-76e4b06 elementor-section-full_width elementor-section-height-min-height elementor-section-height-default elementor-section-items-middle\" data-id=\"76e4b06\" data-element_type=\"section\" data-e-type=\"section\" data-settings=\"{&quot;background_background&quot;:&quot;classic&quot;,&quot;_ob_bbad_use_it&quot;:&quot;yes&quot;,&quot;_ob_bbad_sssic_use&quot;:&quot;no&quot;,&quot;_ob_glider_is_slider&quot;:&quot;no&quot;}\">\n\t\t\t\t\t\t\t<div class=\"elementor-background-overlay\"><\/div>\n\t\t\t\t\t\t\t<div class=\"elementor-container elementor-column-gap-default\">\n\t\t\t\t\t<div class=\"elementor-column elementor-col-100 elementor-top-column elementor-element elementor-element-e1ced06\" data-id=\"e1ced06\" data-element_type=\"column\" data-e-type=\"column\" data-settings=\"{&quot;_ob_bbad_is_stalker&quot;:&quot;no&quot;,&quot;_ob_teleporter_use&quot;:false,&quot;_ob_column_hoveranimator&quot;:&quot;no&quot;,&quot;_ob_column_has_pseudo&quot;:&quot;no&quot;}\">\n\t\t\t<div class=\"elementor-widget-wrap elementor-element-populated\">\n\t\t\t\t\t\t<div class=\"elementor-element elementor-element-f0bde2c ob-harakiri-inherit ob-has-background-overlay elementor-widget elementor-widget-heading\" data-id=\"f0bde2c\" data-element_type=\"widget\" data-e-type=\"widget\" data-settings=\"{&quot;_ob_use_harakiri&quot;:&quot;yes&quot;,&quot;_ob_harakiri_writing_mode&quot;:&quot;inherit&quot;,&quot;_ob_harakiri_text_clip&quot;:&quot;none&quot;,&quot;_ob_perspektive_use&quot;:&quot;no&quot;,&quot;_ob_poopart_use&quot;:&quot;yes&quot;,&quot;_ob_shadough_use&quot;:&quot;no&quot;,&quot;_ob_allow_hoveranimator&quot;:&quot;no&quot;,&quot;_ob_widget_stalker_use&quot;:&quot;no&quot;}\" data-widget_type=\"heading.default\">\n\t\t\t\t<div class=\"elementor-widget-container\">\n\t\t\t\t\t<h2 class=\"elementor-heading-title elementor-size-default\">DEPILACIJA :<\/h2>\t\t\t\t<\/div>\n\t\t\t\t<\/div>\n\t\t\t\t\t<\/div>\n\t\t<\/div>\n\t\t\t\t\t<\/div>\n\t\t<\/section>\n\t\t\t\t<section class=\"ob-is-breaking-bad elementor-section elementor-top-section elementor-element elementor-element-dc72fe2 elementor-section-boxed elementor-section-height-default elementor-section-height-default\" data-id=\"dc72fe2\" data-element_type=\"section\" data-e-type=\"section\" data-settings=\"{&quot;_ob_bbad_use_it&quot;:&quot;yes&quot;,&quot;_ob_bbad_sssic_use&quot;:&quot;no&quot;,&quot;_ob_glider_is_slider&quot;:&quot;no&quot;}\">\n\t\t\t\t\t\t<div class=\"elementor-container elementor-column-gap-default\">\n\t\t\t\t\t<div class=\"elementor-column elementor-col-100 elementor-top-column elementor-element elementor-element-8a198b0\" data-id=\"8a198b0\" data-element_type=\"column\" data-e-type=\"column\" data-settings=\"{&quot;_ob_bbad_is_stalker&quot;:&quot;no&quot;,&quot;_ob_teleporter_use&quot;:false,&quot;_ob_column_hoveranimator&quot;:&quot;no&quot;,&quot;_ob_column_has_pseudo&quot;:&quot;no&quot;}\">\n\t\t\t<div class=\"elementor-widget-wrap elementor-element-populated\">\n\t\t\t\t\t\t<div class=\"elementor-element elementor-element-34775f1 ob-has-background-overlay elementor-widget elementor-widget-image\" data-id=\"34775f1\" data-element_type=\"widget\" data-e-type=\"widget\" data-settings=\"{&quot;_ob_photomorph_use&quot;:&quot;no&quot;,&quot;_ob_perspektive_use&quot;:&quot;no&quot;,&quot;_ob_poopart_use&quot;:&quot;yes&quot;,&quot;_ob_shadough_use&quot;:&quot;no&quot;,&quot;_ob_allow_hoveranimator&quot;:&quot;no&quot;,&quot;_ob_widget_stalker_use&quot;:&quot;no&quot;}\" data-widget_type=\"image.default\">\n\t\t\t\t<div class=\"elementor-widget-container\">\n\t\t\t\t\t\t\t\t\t\t\t\t\t\t\t<img fetchpriority=\"high\" decoding=\"async\" width=\"1024\" height=\"358\" src=\"https:\/\/briliant.borkoilic.com\/wp-content\/uploads\/2023\/06\/poth-hille-application-depilation-beauty-header-1024x358.jpg\" class=\"attachment-large size-large wp-image-63\" alt=\"\" srcset=\"https:\/\/briliant.borkoilic.com\/wp-content\/uploads\/2023\/06\/poth-hille-application-depilation-beauty-header-1024x358.jpg 1024w, https:\/\/briliant.borkoilic.com\/wp-content\/uploads\/2023\/06\/poth-hille-application-depilation-beauty-header-300x105.jpg 300w, https:\/\/briliant.borkoilic.com\/wp-content\/uploads\/2023\/06\/poth-hille-application-depilation-beauty-header-768x269.jpg 768w, https:\/\/briliant.borkoilic.com\/wp-content\/uploads\/2023\/06\/poth-hille-application-depilation-beauty-header-1536x538.jpg 1536w, https:\/\/briliant.borkoilic.com\/wp-content\/uploads\/2023\/06\/poth-hille-application-depilation-beauty-header.jpg 2000w\" sizes=\"(max-width: 1024px) 100vw, 1024px\" \/>\t\t\t\t\t\t\t\t\t\t\t\t\t\t\t<\/div>\n\t\t\t\t<\/div>\n\t\t\t\t<div class=\"elementor-element elementor-element-462e509 ob-harakiri-inherit ob-has-background-overlay elementor-widget elementor-widget-text-editor\" data-id=\"462e509\" data-element_type=\"widget\" data-e-type=\"widget\" data-settings=\"{&quot;_ob_use_harakiri&quot;:&quot;yes&quot;,&quot;_ob_harakiri_writing_mode&quot;:&quot;inherit&quot;,&quot;_ob_postman_use&quot;:&quot;no&quot;,&quot;_ob_perspektive_use&quot;:&quot;no&quot;,&quot;_ob_poopart_use&quot;:&quot;yes&quot;,&quot;_ob_shadough_use&quot;:&quot;no&quot;,&quot;_ob_allow_hoveranimator&quot;:&quot;no&quot;,&quot;_ob_widget_stalker_use&quot;:&quot;no&quot;}\" data-widget_type=\"text-editor.default\">\n\t\t\t\t<div class=\"elementor-widget-container\">\n\t\t\t\t\t\t\t\t\t<ul>\n<li><strong><em>Depilacija:<\/em><\/strong> Dlake, jedan od najve\u0107ih \u017eenskih neprijatelja tokom cele godine&#8230; U na\u0161em salonu ovog neprijatelja re\u0161avamo toplim ili hladnim voskom u zavisnoti od regije koju tretiramo. Uklanjanje dlaka sa intimnijih i osetljivijih delova tela radi se isklju\u010divo toplim voskom namenjenim toj svrsi, dok se ostali delovi tela, manje intimni tretiraju hladnim vokom. Ovo je tako\u0111e jedna od popularnijih usluga, naro\u010dito u letnjim mesecima kada nam je ve\u0107i deo tela otkiven. Prednosti ove usluge ogleda se u njenoj dugotrajnosti u pore\u0111enju sa klasi\u010dnim brija\u010dima a redovnim tretmanima koli\u010dina i ja\u010dina korena same dlake se smanjuje \u0161to produ\u017eava vreme glatko\u0107e ko\u017ee nakon depilacije.<\/li>\n<\/ul>\t\t\t\t\t\t\t\t<\/div>\n\t\t\t\t<\/div>\n\t\t\t\t\t<\/div>\n\t\t<\/div>\n\t\t\t\t\t<\/div>\n\t\t<\/section>\n\t\t\t\t<\/div>\n\t\t","protected":false},"excerpt":{"rendered":"<p>DEPILACIJA : Depilacija: Dlake, jedan od najve\u0107ih \u017eenskih neprijatelja tokom cele godine&#8230; U na\u0161em salonu ovog neprijatelja re\u0161avamo toplim ili hladnim voskom u zavisnoti od regije koju tretiramo. Uklanjanje dlaka sa intimnijih i osetljivijih delova tela radi se isklju\u010divo toplim voskom namenjenim toj svrsi, dok se ostali delovi tela, manje intimni tretiraju hladnim vokom. Ovo [&hellip;]<\/p>\n","protected":false},"author":1,"featured_media":0,"parent":0,"menu_order":0,"comment_status":"closed","ping_status":"closed","template":"elementor_header_footer","meta":{"_monsterinsights_skip_tracking":false,"_monsterinsights_sitenote_active":false,"_monsterinsights_sitenote_note":"","_monsterinsights_sitenote_category":0,"_uf_show_specific_survey":0,"_uf_disable_surveys":false,"site-sidebar-layout":"no-sidebar","site-content-layout":"page-builder","ast-site-content-layout":"default","site-content-style":"default","site-sidebar-style":"default","ast-global-header-display":"","ast-banner-title-visibility":"","ast-main-header-display":"","ast-hfb-above-header-display":"","ast-hfb-below-header-display":"","ast-hfb-mobile-header-display":"","site-post-title":"disabled","ast-breadcrumbs-content":"","ast-featured-img":"disabled","footer-sml-layout":"","ast-disable-related-posts":"","theme-transparent-header-meta":"","adv-header-id-meta":"","stick-header-meta":"","header-above-stick-meta":"","header-main-stick-meta":"","header-below-stick-meta":"","astra-migrate-meta-layouts":"default","ast-page-background-enabled":"default","ast-page-background-meta":{"desktop":{"background-color":"var(--ast-global-color-4)","background-image":"","background-repeat":"repeat","background-position":"center center","background-size":"auto","background-attachment":"scroll","background-type":"","background-media":"","overlay-type":"","overlay-color":"","overlay-opacity":"","overlay-gradient":""},"tablet":{"background-color":"","background-image":"","background-repeat":"repeat","background-position":"center center","background-size":"auto","background-attachment":"scroll","background-type":"","background-media":"","overlay-type":"","overlay-color":"","overlay-opacity":"","overlay-gradient":""},"mobile":{"background-color":"","background-image":"","background-repeat":"repeat","background-position":"center center","background-size":"auto","background-attachment":"scroll","background-type":"","background-media":"","overlay-type":"","overlay-color":"","overlay-opacity":"","overlay-gradient":""}},"ast-content-background-meta":{"desktop":{"background-color":"var(--ast-global-color-5)","background-image":"","background-repeat":"repeat","background-position":"center center","background-size":"auto","background-attachment":"scroll","background-type":"","background-media":"","overlay-type":"","overlay-color":"","overlay-opacity":"","overlay-gradient":""},"tablet":{"background-color":"var(--ast-global-color-5)","background-image":"","background-repeat":"repeat","background-position":"center center","background-size":"auto","background-attachment":"scroll","background-type":"","background-media":"","overlay-type":"","overlay-color":"","overlay-opacity":"","overlay-gradient":""},"mobile":{"background-color":"var(--ast-global-color-5)","background-image":"","background-repeat":"repeat","background-position":"center center","background-size":"auto","background-attachment":"scroll","background-type":"","background-media":"","overlay-type":"","overlay-color":"","overlay-opacity":"","overlay-gradient":""}},"_themeisle_gutenberg_block_has_review":false,"footnotes":""},"class_list":["post-173","page","type-page","status-publish","hentry"],"yoast_head":"<!-- This site is optimized with the Yoast SEO plugin v27.4 - https:\/\/yoast.com\/product\/yoast-seo-wordpress\/ -->\n<title>DEPILACIJA - kozmetickistudiobriliant.rs<\/title>\n<meta name=\"robots\" content=\"index, follow, max-snippet:-1, max-image-preview:large, max-video-preview:-1\" \/>\n<link rel=\"canonical\" href=\"https:\/\/briliant.borkoilic.com\/?page_id=173\" \/>\n<meta property=\"og:locale\" content=\"en_GB\" \/>\n<meta property=\"og:type\" content=\"article\" \/>\n<meta property=\"og:title\" content=\"DEPILACIJA - kozmetickistudiobriliant.rs\" \/>\n<meta property=\"og:description\" content=\"DEPILACIJA : Depilacija: Dlake, jedan od najve\u0107ih \u017eenskih neprijatelja tokom cele godine&#8230; U na\u0161em salonu ovog neprijatelja re\u0161avamo toplim ili hladnim voskom u zavisnoti od regije koju tretiramo. Uklanjanje dlaka sa intimnijih i osetljivijih delova tela radi se isklju\u010divo toplim voskom namenjenim toj svrsi, dok se ostali delovi tela, manje intimni tretiraju hladnim vokom. Ovo [&hellip;]\" \/>\n<meta property=\"og:url\" content=\"https:\/\/briliant.borkoilic.com\/?page_id=173\" \/>\n<meta property=\"og:site_name\" content=\"kozmetickistudiobriliant.rs\" \/>\n<meta property=\"article:modified_time\" content=\"2023-06-07T11:00:54+00:00\" \/>\n<meta property=\"og:image\" content=\"https:\/\/briliant.borkoilic.com\/wp-content\/uploads\/2023\/06\/poth-hille-application-depilation-beauty-header-1024x358.jpg\" \/>\n<meta name=\"twitter:card\" content=\"summary_large_image\" \/>\n<meta name=\"twitter:label1\" content=\"Estimated reading time\" \/>\n\t<meta name=\"twitter:data1\" content=\"1 minute\" \/>\n<script type=\"application\/ld+json\" class=\"yoast-schema-graph\">{\"@context\":\"https:\\\/\\\/schema.org\",\"@graph\":[{\"@type\":\"WebPage\",\"@id\":\"https:\\\/\\\/briliant.borkoilic.com\\\/?page_id=173\",\"url\":\"https:\\\/\\\/briliant.borkoilic.com\\\/?page_id=173\",\"name\":\"DEPILACIJA - kozmetickistudiobriliant.rs\",\"isPartOf\":{\"@id\":\"https:\\\/\\\/briliant.borkoilic.com\\\/#website\"},\"primaryImageOfPage\":{\"@id\":\"https:\\\/\\\/briliant.borkoilic.com\\\/?page_id=173#primaryimage\"},\"image\":{\"@id\":\"https:\\\/\\\/briliant.borkoilic.com\\\/?page_id=173#primaryimage\"},\"thumbnailUrl\":\"https:\\\/\\\/briliant.borkoilic.com\\\/wp-content\\\/uploads\\\/2023\\\/06\\\/poth-hille-application-depilation-beauty-header-1024x358.jpg\",\"datePublished\":\"2023-06-05T15:43:27+00:00\",\"dateModified\":\"2023-06-07T11:00:54+00:00\",\"breadcrumb\":{\"@id\":\"https:\\\/\\\/briliant.borkoilic.com\\\/?page_id=173#breadcrumb\"},\"inLanguage\":\"en-GB\",\"potentialAction\":[{\"@type\":\"ReadAction\",\"target\":[\"https:\\\/\\\/briliant.borkoilic.com\\\/?page_id=173\"]}]},{\"@type\":\"ImageObject\",\"inLanguage\":\"en-GB\",\"@id\":\"https:\\\/\\\/briliant.borkoilic.com\\\/?page_id=173#primaryimage\",\"url\":\"https:\\\/\\\/briliant.borkoilic.com\\\/wp-content\\\/uploads\\\/2023\\\/06\\\/poth-hille-application-depilation-beauty-header-1024x358.jpg\",\"contentUrl\":\"https:\\\/\\\/briliant.borkoilic.com\\\/wp-content\\\/uploads\\\/2023\\\/06\\\/poth-hille-application-depilation-beauty-header-1024x358.jpg\"},{\"@type\":\"BreadcrumbList\",\"@id\":\"https:\\\/\\\/briliant.borkoilic.com\\\/?page_id=173#breadcrumb\",\"itemListElement\":[{\"@type\":\"ListItem\",\"position\":1,\"name\":\"Home\",\"item\":\"https:\\\/\\\/briliant.borkoilic.com\\\/\"},{\"@type\":\"ListItem\",\"position\":2,\"name\":\"DEPILACIJA\"}]},{\"@type\":\"WebSite\",\"@id\":\"https:\\\/\\\/briliant.borkoilic.com\\\/#website\",\"url\":\"https:\\\/\\\/briliant.borkoilic.com\\\/\",\"name\":\"kozmetickistudiobriliant.rs\",\"description\":\"Kozmeti\u010dki Studio Briliant\",\"potentialAction\":[{\"@type\":\"SearchAction\",\"target\":{\"@type\":\"EntryPoint\",\"urlTemplate\":\"https:\\\/\\\/briliant.borkoilic.com\\\/?s={search_term_string}\"},\"query-input\":{\"@type\":\"PropertyValueSpecification\",\"valueRequired\":true,\"valueName\":\"search_term_string\"}}],\"inLanguage\":\"en-GB\"}]}<\/script>\n<!-- \/ Yoast SEO plugin. -->","yoast_head_json":{"title":"DEPILACIJA - kozmetickistudiobriliant.rs","robots":{"index":"index","follow":"follow","max-snippet":"max-snippet:-1","max-image-preview":"max-image-preview:large","max-video-preview":"max-video-preview:-1"},"canonical":"https:\/\/briliant.borkoilic.com\/?page_id=173","og_locale":"en_GB","og_type":"article","og_title":"DEPILACIJA - kozmetickistudiobriliant.rs","og_description":"DEPILACIJA : Depilacija: Dlake, jedan od najve\u0107ih \u017eenskih neprijatelja tokom cele godine&#8230; U na\u0161em salonu ovog neprijatelja re\u0161avamo toplim ili hladnim voskom u zavisnoti od regije koju tretiramo. Uklanjanje dlaka sa intimnijih i osetljivijih delova tela radi se isklju\u010divo toplim voskom namenjenim toj svrsi, dok se ostali delovi tela, manje intimni tretiraju hladnim vokom. Ovo [&hellip;]","og_url":"https:\/\/briliant.borkoilic.com\/?page_id=173","og_site_name":"kozmetickistudiobriliant.rs","article_modified_time":"2023-06-07T11:00:54+00:00","og_image":[{"url":"https:\/\/briliant.borkoilic.com\/wp-content\/uploads\/2023\/06\/poth-hille-application-depilation-beauty-header-1024x358.jpg","type":"","width":"","height":""}],"twitter_card":"summary_large_image","twitter_misc":{"Estimated reading time":"1 minute"},"schema":{"@context":"https:\/\/schema.org","@graph":[{"@type":"WebPage","@id":"https:\/\/briliant.borkoilic.com\/?page_id=173","url":"https:\/\/briliant.borkoilic.com\/?page_id=173","name":"DEPILACIJA - kozmetickistudiobriliant.rs","isPartOf":{"@id":"https:\/\/briliant.borkoilic.com\/#website"},"primaryImageOfPage":{"@id":"https:\/\/briliant.borkoilic.com\/?page_id=173#primaryimage"},"image":{"@id":"https:\/\/briliant.borkoilic.com\/?page_id=173#primaryimage"},"thumbnailUrl":"https:\/\/briliant.borkoilic.com\/wp-content\/uploads\/2023\/06\/poth-hille-application-depilation-beauty-header-1024x358.jpg","datePublished":"2023-06-05T15:43:27+00:00","dateModified":"2023-06-07T11:00:54+00:00","breadcrumb":{"@id":"https:\/\/briliant.borkoilic.com\/?page_id=173#breadcrumb"},"inLanguage":"en-GB","potentialAction":[{"@type":"ReadAction","target":["https:\/\/briliant.borkoilic.com\/?page_id=173"]}]},{"@type":"ImageObject","inLanguage":"en-GB","@id":"https:\/\/briliant.borkoilic.com\/?page_id=173#primaryimage","url":"https:\/\/briliant.borkoilic.com\/wp-content\/uploads\/2023\/06\/poth-hille-application-depilation-beauty-header-1024x358.jpg","contentUrl":"https:\/\/briliant.borkoilic.com\/wp-content\/uploads\/2023\/06\/poth-hille-application-depilation-beauty-header-1024x358.jpg"},{"@type":"BreadcrumbList","@id":"https:\/\/briliant.borkoilic.com\/?page_id=173#breadcrumb","itemListElement":[{"@type":"ListItem","position":1,"name":"Home","item":"https:\/\/briliant.borkoilic.com\/"},{"@type":"ListItem","position":2,"name":"DEPILACIJA"}]},{"@type":"WebSite","@id":"https:\/\/briliant.borkoilic.com\/#website","url":"https:\/\/briliant.borkoilic.com\/","name":"kozmetickistudiobriliant.rs","description":"Kozmeti\u010dki Studio Briliant","potentialAction":[{"@type":"SearchAction","target":{"@type":"EntryPoint","urlTemplate":"https:\/\/briliant.borkoilic.com\/?s={search_term_string}"},"query-input":{"@type":"PropertyValueSpecification","valueRequired":true,"valueName":"search_term_string"}}],"inLanguage":"en-GB"}]}},"_links":{"self":[{"href":"https:\/\/briliant.borkoilic.com\/index.php?rest_route=\/wp\/v2\/pages\/173","targetHints":{"allow":["GET"]}}],"collection":[{"href":"https:\/\/briliant.borkoilic.com\/index.php?rest_route=\/wp\/v2\/pages"}],"about":[{"href":"https:\/\/briliant.borkoilic.com\/index.php?rest_route=\/wp\/v2\/types\/page"}],"author":[{"embeddable":true,"href":"https:\/\/briliant.borkoilic.com\/index.php?rest_route=\/wp\/v2\/users\/1"}],"replies":[{"embeddable":true,"href":"https:\/\/briliant.borkoilic.com\/index.php?rest_route=%2Fwp%2Fv2%2Fcomments&post=173"}],"version-history":[{"count":13,"href":"https:\/\/briliant.borkoilic.com\/index.php?rest_route=\/wp\/v2\/pages\/173\/revisions"}],"predecessor-version":[{"id":399,"href":"https:\/\/briliant.borkoilic.com\/index.php?rest_route=\/wp\/v2\/pages\/173\/revisions\/399"}],"wp:attachment":[{"href":"https:\/\/briliant.borkoilic.com\/index.php?rest_route=%2Fwp%2Fv2%2Fmedia&parent=173"}],"curies":[{"name":"wp","href":"https:\/\/api.w.org\/{rel}","templated":true}]}}