{"id":159,"date":"2023-06-05T16:24:32","date_gmt":"2023-06-05T15:24:32","guid":{"rendered":"https:\/\/kozmetickistudiobriliant.rs\/?page_id=159"},"modified":"2023-06-07T11:00:36","modified_gmt":"2023-06-07T10:00:36","slug":"nadogradnja-trepavica","status":"publish","type":"page","link":"https:\/\/briliant.borkoilic.com\/?page_id=159","title":{"rendered":"NADOGRADNJA TREPAVICA"},"content":{"rendered":"\t\t<div data-elementor-type=\"wp-page\" data-elementor-id=\"159\" class=\"elementor elementor-159\" data-elementor-post-type=\"page\">\n\t\t\t\t\t\t<section class=\"ob-is-breaking-bad elementor-section elementor-top-section elementor-element elementor-element-175ebcb elementor-section-full_width elementor-section-height-min-height elementor-section-height-default elementor-section-items-middle\" data-id=\"175ebcb\" data-element_type=\"section\" data-e-type=\"section\" data-settings=\"{&quot;background_background&quot;:&quot;classic&quot;,&quot;_ob_bbad_use_it&quot;:&quot;yes&quot;,&quot;_ob_bbad_sssic_use&quot;:&quot;no&quot;,&quot;_ob_glider_is_slider&quot;:&quot;no&quot;}\">\n\t\t\t\t\t\t\t<div class=\"elementor-background-overlay\"><\/div>\n\t\t\t\t\t\t\t<div class=\"elementor-container elementor-column-gap-default\">\n\t\t\t\t\t<div class=\"elementor-column elementor-col-100 elementor-top-column elementor-element elementor-element-fb8c636\" data-id=\"fb8c636\" data-element_type=\"column\" data-e-type=\"column\" data-settings=\"{&quot;_ob_bbad_is_stalker&quot;:&quot;no&quot;,&quot;_ob_teleporter_use&quot;:false,&quot;_ob_column_hoveranimator&quot;:&quot;no&quot;,&quot;_ob_column_has_pseudo&quot;:&quot;no&quot;}\">\n\t\t\t<div class=\"elementor-widget-wrap elementor-element-populated\">\n\t\t\t\t\t\t<div class=\"elementor-element elementor-element-946e80f ob-harakiri-inherit ob-has-background-overlay elementor-widget elementor-widget-heading\" data-id=\"946e80f\" data-element_type=\"widget\" data-e-type=\"widget\" data-settings=\"{&quot;_ob_use_harakiri&quot;:&quot;yes&quot;,&quot;_ob_harakiri_writing_mode&quot;:&quot;inherit&quot;,&quot;_ob_harakiri_text_clip&quot;:&quot;none&quot;,&quot;_ob_perspektive_use&quot;:&quot;no&quot;,&quot;_ob_poopart_use&quot;:&quot;yes&quot;,&quot;_ob_shadough_use&quot;:&quot;no&quot;,&quot;_ob_allow_hoveranimator&quot;:&quot;no&quot;,&quot;_ob_widget_stalker_use&quot;:&quot;no&quot;}\" data-widget_type=\"heading.default\">\n\t\t\t\t<div class=\"elementor-widget-container\">\n\t\t\t\t\t<h2 class=\"elementor-heading-title elementor-size-default\">NADOGRADNJA TREPAVICA :<\/h2>\t\t\t\t<\/div>\n\t\t\t\t<\/div>\n\t\t\t\t\t<\/div>\n\t\t<\/div>\n\t\t\t\t\t<\/div>\n\t\t<\/section>\n\t\t\t\t<section class=\"ob-is-breaking-bad elementor-section elementor-top-section elementor-element elementor-element-f432ae8 elementor-section-boxed elementor-section-height-default elementor-section-height-default\" data-id=\"f432ae8\" data-element_type=\"section\" data-e-type=\"section\" data-settings=\"{&quot;_ob_bbad_use_it&quot;:&quot;yes&quot;,&quot;_ob_bbad_sssic_use&quot;:&quot;no&quot;,&quot;_ob_glider_is_slider&quot;:&quot;no&quot;}\">\n\t\t\t\t\t\t<div class=\"elementor-container elementor-column-gap-default\">\n\t\t\t\t\t<div class=\"elementor-column elementor-col-100 elementor-top-column elementor-element elementor-element-273ef40\" data-id=\"273ef40\" data-element_type=\"column\" data-e-type=\"column\" data-settings=\"{&quot;_ob_bbad_is_stalker&quot;:&quot;no&quot;,&quot;_ob_teleporter_use&quot;:false,&quot;_ob_column_hoveranimator&quot;:&quot;no&quot;,&quot;_ob_column_has_pseudo&quot;:&quot;no&quot;}\">\n\t\t\t<div class=\"elementor-widget-wrap elementor-element-populated\">\n\t\t\t\t\t\t<section class=\"ob-is-breaking-bad ob-bb-inner elementor-section elementor-inner-section elementor-element elementor-element-cdf09d2 elementor-section-boxed elementor-section-height-default elementor-section-height-default\" data-id=\"cdf09d2\" data-element_type=\"section\" data-e-type=\"section\" data-settings=\"{&quot;_ob_bbad_use_it&quot;:&quot;yes&quot;,&quot;_ob_bbad_sssic_use&quot;:&quot;no&quot;,&quot;_ob_glider_is_slider&quot;:&quot;no&quot;}\">\n\t\t\t\t\t\t<div class=\"elementor-container elementor-column-gap-default\">\n\t\t\t\t\t<div class=\"elementor-column elementor-col-50 elementor-inner-column elementor-element elementor-element-b2a8a40 elementor-invisible\" data-id=\"b2a8a40\" data-element_type=\"column\" data-e-type=\"column\" data-settings=\"{&quot;animation&quot;:&quot;slideInLeft&quot;,&quot;_ob_bbad_is_stalker&quot;:&quot;no&quot;,&quot;_ob_teleporter_use&quot;:false,&quot;_ob_column_hoveranimator&quot;:&quot;no&quot;,&quot;_ob_column_has_pseudo&quot;:&quot;no&quot;}\">\n\t\t\t<div class=\"elementor-widget-wrap elementor-element-populated\">\n\t\t\t\t\t\t<div class=\"elementor-element elementor-element-baf61d8 ob-has-background-overlay elementor-widget elementor-widget-image\" data-id=\"baf61d8\" data-element_type=\"widget\" data-e-type=\"widget\" data-settings=\"{&quot;_ob_photomorph_use&quot;:&quot;no&quot;,&quot;_ob_perspektive_use&quot;:&quot;no&quot;,&quot;_ob_poopart_use&quot;:&quot;yes&quot;,&quot;_ob_shadough_use&quot;:&quot;no&quot;,&quot;_ob_allow_hoveranimator&quot;:&quot;no&quot;,&quot;_ob_widget_stalker_use&quot;:&quot;no&quot;}\" data-widget_type=\"image.default\">\n\t\t\t\t<div class=\"elementor-widget-container\">\n\t\t\t\t\t\t\t\t\t\t\t\t\t\t\t<img fetchpriority=\"high\" decoding=\"async\" width=\"1000\" height=\"1000\" src=\"https:\/\/briliant.borkoilic.com\/wp-content\/uploads\/2023\/06\/haileelashes.jpg\" class=\"attachment-large size-large wp-image-163\" alt=\"\" srcset=\"https:\/\/briliant.borkoilic.com\/wp-content\/uploads\/2023\/06\/haileelashes.jpg 1000w, https:\/\/briliant.borkoilic.com\/wp-content\/uploads\/2023\/06\/haileelashes-300x300.jpg 300w, https:\/\/briliant.borkoilic.com\/wp-content\/uploads\/2023\/06\/haileelashes-150x150.jpg 150w, https:\/\/briliant.borkoilic.com\/wp-content\/uploads\/2023\/06\/haileelashes-768x768.jpg 768w\" sizes=\"(max-width: 1000px) 100vw, 1000px\" \/>\t\t\t\t\t\t\t\t\t\t\t\t\t\t\t<\/div>\n\t\t\t\t<\/div>\n\t\t\t\t\t<\/div>\n\t\t<\/div>\n\t\t\t\t<div class=\"elementor-column elementor-col-50 elementor-inner-column elementor-element elementor-element-5863dea\" data-id=\"5863dea\" data-element_type=\"column\" data-e-type=\"column\" data-settings=\"{&quot;_ob_bbad_is_stalker&quot;:&quot;no&quot;,&quot;_ob_teleporter_use&quot;:false,&quot;_ob_column_hoveranimator&quot;:&quot;no&quot;,&quot;_ob_column_has_pseudo&quot;:&quot;no&quot;}\">\n\t\t\t<div class=\"elementor-widget-wrap elementor-element-populated\">\n\t\t\t\t\t\t<div class=\"elementor-element elementor-element-c944ac5 ob-harakiri-inherit elementor-invisible ob-has-background-overlay elementor-widget elementor-widget-text-editor\" data-id=\"c944ac5\" data-element_type=\"widget\" data-e-type=\"widget\" data-settings=\"{&quot;_animation&quot;:&quot;slideInRight&quot;,&quot;_ob_use_harakiri&quot;:&quot;yes&quot;,&quot;_ob_harakiri_writing_mode&quot;:&quot;inherit&quot;,&quot;_ob_postman_use&quot;:&quot;no&quot;,&quot;_ob_perspektive_use&quot;:&quot;no&quot;,&quot;_ob_poopart_use&quot;:&quot;yes&quot;,&quot;_ob_shadough_use&quot;:&quot;no&quot;,&quot;_ob_allow_hoveranimator&quot;:&quot;no&quot;,&quot;_ob_widget_stalker_use&quot;:&quot;no&quot;}\" data-widget_type=\"text-editor.default\">\n\t\t\t\t<div class=\"elementor-widget-container\">\n\t\t\t\t\t\t\t\t\t<ul><li><strong><em>Nadogradnja trepavica:<\/em><\/strong> Odskora ova usluga masovno puni kozmeti\u010dke salone svojom popularno\u0161\u0107u. Nadogradnja trepavica predstavlja lepljenje ve\u0161ta\u010dke trepavice na prirodnu razli\u010ditim tehnikama. Neke od najpopularnijih tehnika danas jesu 2 na 1 odnosno dve ve\u0161ta\u010dke trepavice na jednu prirodnu kao Ruski i Mega volumen. Ruski i Mega volumen predstavljaju tehniku lepljenja snopi\u0107a trepavica na prirodnu trepavicu. Broj trepavica u snopi\u0107u zavisi od \u017eeljene gustine trepavica. Prednost ove usluge je u tome \u0161to u potpunosti mo\u017eete promeiti izgled trepavica oblik, du\u017einu gustinu i posti\u0107i efekat kao da ste stalno na\u0161minkane i spremne za izlazak iz ku\u0107e. Naj\u010de\u0161\u0107i razlozi zbog kojih se devojke odlu\u010duju za ovaj vid tretmana jeste u tome jer im \u0161tedi vreme za izvla\u010denje maskare, oko izgleda krupnije i lep\u0161e \u010dak i bez \u0161minke. Kao i ve\u0107ina usluga i ova zahteva korekciju koja se naj\u010de\u0161\u0107e radi na 3-4 nedelje.<\/li><\/ul>\t\t\t\t\t\t\t\t<\/div>\n\t\t\t\t<\/div>\n\t\t\t\t\t<\/div>\n\t\t<\/div>\n\t\t\t\t\t<\/div>\n\t\t<\/section>\n\t\t\t\t\t<\/div>\n\t\t<\/div>\n\t\t\t\t\t<\/div>\n\t\t<\/section>\n\t\t\t\t<\/div>\n\t\t","protected":false},"excerpt":{"rendered":"<p>NADOGRADNJA TREPAVICA : Nadogradnja trepavica: Odskora ova usluga masovno puni kozmeti\u010dke salone svojom popularno\u0161\u0107u. Nadogradnja trepavica predstavlja lepljenje ve\u0161ta\u010dke trepavice na prirodnu razli\u010ditim tehnikama. Neke od najpopularnijih tehnika danas jesu 2 na 1 odnosno dve ve\u0161ta\u010dke trepavice na jednu prirodnu kao Ruski i Mega volumen. Ruski i Mega volumen predstavljaju tehniku lepljenja snopi\u0107a trepavica na [&hellip;]<\/p>\n","protected":false},"author":1,"featured_media":0,"parent":0,"menu_order":0,"comment_status":"closed","ping_status":"closed","template":"elementor_header_footer","meta":{"_monsterinsights_skip_tracking":false,"_monsterinsights_sitenote_active":false,"_monsterinsights_sitenote_note":"","_monsterinsights_sitenote_category":0,"_uf_show_specific_survey":0,"_uf_disable_surveys":false,"site-sidebar-layout":"no-sidebar","site-content-layout":"page-builder","ast-site-content-layout":"default","site-content-style":"default","site-sidebar-style":"default","ast-global-header-display":"","ast-banner-title-visibility":"","ast-main-header-display":"","ast-hfb-above-header-display":"","ast-hfb-below-header-display":"","ast-hfb-mobile-header-display":"","site-post-title":"disabled","ast-breadcrumbs-content":"","ast-featured-img":"disabled","footer-sml-layout":"","ast-disable-related-posts":"","theme-transparent-header-meta":"","adv-header-id-meta":"","stick-header-meta":"","header-above-stick-meta":"","header-main-stick-meta":"","header-below-stick-meta":"","astra-migrate-meta-layouts":"default","ast-page-background-enabled":"default","ast-page-background-meta":{"desktop":{"background-color":"var(--ast-global-color-4)","background-image":"","background-repeat":"repeat","background-position":"center center","background-size":"auto","background-attachment":"scroll","background-type":"","background-media":"","overlay-type":"","overlay-color":"","overlay-opacity":"","overlay-gradient":""},"tablet":{"background-color":"","background-image":"","background-repeat":"repeat","background-position":"center center","background-size":"auto","background-attachment":"scroll","background-type":"","background-media":"","overlay-type":"","overlay-color":"","overlay-opacity":"","overlay-gradient":""},"mobile":{"background-color":"","background-image":"","background-repeat":"repeat","background-position":"center center","background-size":"auto","background-attachment":"scroll","background-type":"","background-media":"","overlay-type":"","overlay-color":"","overlay-opacity":"","overlay-gradient":""}},"ast-content-background-meta":{"desktop":{"background-color":"var(--ast-global-color-5)","background-image":"","background-repeat":"repeat","background-position":"center center","background-size":"auto","background-attachment":"scroll","background-type":"","background-media":"","overlay-type":"","overlay-color":"","overlay-opacity":"","overlay-gradient":""},"tablet":{"background-color":"var(--ast-global-color-5)","background-image":"","background-repeat":"repeat","background-position":"center center","background-size":"auto","background-attachment":"scroll","background-type":"","background-media":"","overlay-type":"","overlay-color":"","overlay-opacity":"","overlay-gradient":""},"mobile":{"background-color":"var(--ast-global-color-5)","background-image":"","background-repeat":"repeat","background-position":"center center","background-size":"auto","background-attachment":"scroll","background-type":"","background-media":"","overlay-type":"","overlay-color":"","overlay-opacity":"","overlay-gradient":""}},"_themeisle_gutenberg_block_has_review":false,"footnotes":""},"class_list":["post-159","page","type-page","status-publish","hentry"],"yoast_head":"<!-- This site is optimized with the Yoast SEO plugin v27.4 - https:\/\/yoast.com\/product\/yoast-seo-wordpress\/ -->\n<title>NADOGRADNJA TREPAVICA - kozmetickistudiobriliant.rs<\/title>\n<meta name=\"robots\" content=\"index, follow, max-snippet:-1, max-image-preview:large, max-video-preview:-1\" \/>\n<link rel=\"canonical\" href=\"https:\/\/briliant.borkoilic.com\/?page_id=159\" \/>\n<meta property=\"og:locale\" content=\"en_GB\" \/>\n<meta property=\"og:type\" content=\"article\" \/>\n<meta property=\"og:title\" content=\"NADOGRADNJA TREPAVICA - kozmetickistudiobriliant.rs\" \/>\n<meta property=\"og:description\" content=\"NADOGRADNJA TREPAVICA : Nadogradnja trepavica: Odskora ova usluga masovno puni kozmeti\u010dke salone svojom popularno\u0161\u0107u. Nadogradnja trepavica predstavlja lepljenje ve\u0161ta\u010dke trepavice na prirodnu razli\u010ditim tehnikama. Neke od najpopularnijih tehnika danas jesu 2 na 1 odnosno dve ve\u0161ta\u010dke trepavice na jednu prirodnu kao Ruski i Mega volumen. Ruski i Mega volumen predstavljaju tehniku lepljenja snopi\u0107a trepavica na [&hellip;]\" \/>\n<meta property=\"og:url\" content=\"https:\/\/briliant.borkoilic.com\/?page_id=159\" \/>\n<meta property=\"og:site_name\" content=\"kozmetickistudiobriliant.rs\" \/>\n<meta property=\"article:modified_time\" content=\"2023-06-07T10:00:36+00:00\" \/>\n<meta property=\"og:image\" content=\"https:\/\/briliant.borkoilic.com\/wp-content\/uploads\/2023\/06\/haileelashes.jpg\" \/>\n<meta name=\"twitter:card\" content=\"summary_large_image\" \/>\n<meta name=\"twitter:label1\" content=\"Estimated reading time\" \/>\n\t<meta name=\"twitter:data1\" content=\"1 minute\" \/>\n<script type=\"application\/ld+json\" class=\"yoast-schema-graph\">{\"@context\":\"https:\\\/\\\/schema.org\",\"@graph\":[{\"@type\":\"WebPage\",\"@id\":\"https:\\\/\\\/briliant.borkoilic.com\\\/?page_id=159\",\"url\":\"https:\\\/\\\/briliant.borkoilic.com\\\/?page_id=159\",\"name\":\"NADOGRADNJA TREPAVICA - kozmetickistudiobriliant.rs\",\"isPartOf\":{\"@id\":\"https:\\\/\\\/briliant.borkoilic.com\\\/#website\"},\"primaryImageOfPage\":{\"@id\":\"https:\\\/\\\/briliant.borkoilic.com\\\/?page_id=159#primaryimage\"},\"image\":{\"@id\":\"https:\\\/\\\/briliant.borkoilic.com\\\/?page_id=159#primaryimage\"},\"thumbnailUrl\":\"https:\\\/\\\/briliant.borkoilic.com\\\/wp-content\\\/uploads\\\/2023\\\/06\\\/haileelashes.jpg\",\"datePublished\":\"2023-06-05T15:24:32+00:00\",\"dateModified\":\"2023-06-07T10:00:36+00:00\",\"breadcrumb\":{\"@id\":\"https:\\\/\\\/briliant.borkoilic.com\\\/?page_id=159#breadcrumb\"},\"inLanguage\":\"en-GB\",\"potentialAction\":[{\"@type\":\"ReadAction\",\"target\":[\"https:\\\/\\\/briliant.borkoilic.com\\\/?page_id=159\"]}]},{\"@type\":\"ImageObject\",\"inLanguage\":\"en-GB\",\"@id\":\"https:\\\/\\\/briliant.borkoilic.com\\\/?page_id=159#primaryimage\",\"url\":\"https:\\\/\\\/briliant.borkoilic.com\\\/wp-content\\\/uploads\\\/2023\\\/06\\\/haileelashes.jpg\",\"contentUrl\":\"https:\\\/\\\/briliant.borkoilic.com\\\/wp-content\\\/uploads\\\/2023\\\/06\\\/haileelashes.jpg\"},{\"@type\":\"BreadcrumbList\",\"@id\":\"https:\\\/\\\/briliant.borkoilic.com\\\/?page_id=159#breadcrumb\",\"itemListElement\":[{\"@type\":\"ListItem\",\"position\":1,\"name\":\"Home\",\"item\":\"https:\\\/\\\/briliant.borkoilic.com\\\/\"},{\"@type\":\"ListItem\",\"position\":2,\"name\":\"NADOGRADNJA TREPAVICA\"}]},{\"@type\":\"WebSite\",\"@id\":\"https:\\\/\\\/briliant.borkoilic.com\\\/#website\",\"url\":\"https:\\\/\\\/briliant.borkoilic.com\\\/\",\"name\":\"kozmetickistudiobriliant.rs\",\"description\":\"Kozmeti\u010dki Studio Briliant\",\"potentialAction\":[{\"@type\":\"SearchAction\",\"target\":{\"@type\":\"EntryPoint\",\"urlTemplate\":\"https:\\\/\\\/briliant.borkoilic.com\\\/?s={search_term_string}\"},\"query-input\":{\"@type\":\"PropertyValueSpecification\",\"valueRequired\":true,\"valueName\":\"search_term_string\"}}],\"inLanguage\":\"en-GB\"}]}<\/script>\n<!-- \/ Yoast SEO plugin. -->","yoast_head_json":{"title":"NADOGRADNJA TREPAVICA - kozmetickistudiobriliant.rs","robots":{"index":"index","follow":"follow","max-snippet":"max-snippet:-1","max-image-preview":"max-image-preview:large","max-video-preview":"max-video-preview:-1"},"canonical":"https:\/\/briliant.borkoilic.com\/?page_id=159","og_locale":"en_GB","og_type":"article","og_title":"NADOGRADNJA TREPAVICA - kozmetickistudiobriliant.rs","og_description":"NADOGRADNJA TREPAVICA : Nadogradnja trepavica: Odskora ova usluga masovno puni kozmeti\u010dke salone svojom popularno\u0161\u0107u. Nadogradnja trepavica predstavlja lepljenje ve\u0161ta\u010dke trepavice na prirodnu razli\u010ditim tehnikama. Neke od najpopularnijih tehnika danas jesu 2 na 1 odnosno dve ve\u0161ta\u010dke trepavice na jednu prirodnu kao Ruski i Mega volumen. Ruski i Mega volumen predstavljaju tehniku lepljenja snopi\u0107a trepavica na [&hellip;]","og_url":"https:\/\/briliant.borkoilic.com\/?page_id=159","og_site_name":"kozmetickistudiobriliant.rs","article_modified_time":"2023-06-07T10:00:36+00:00","og_image":[{"url":"https:\/\/briliant.borkoilic.com\/wp-content\/uploads\/2023\/06\/haileelashes.jpg","type":"","width":"","height":""}],"twitter_card":"summary_large_image","twitter_misc":{"Estimated reading time":"1 minute"},"schema":{"@context":"https:\/\/schema.org","@graph":[{"@type":"WebPage","@id":"https:\/\/briliant.borkoilic.com\/?page_id=159","url":"https:\/\/briliant.borkoilic.com\/?page_id=159","name":"NADOGRADNJA TREPAVICA - kozmetickistudiobriliant.rs","isPartOf":{"@id":"https:\/\/briliant.borkoilic.com\/#website"},"primaryImageOfPage":{"@id":"https:\/\/briliant.borkoilic.com\/?page_id=159#primaryimage"},"image":{"@id":"https:\/\/briliant.borkoilic.com\/?page_id=159#primaryimage"},"thumbnailUrl":"https:\/\/briliant.borkoilic.com\/wp-content\/uploads\/2023\/06\/haileelashes.jpg","datePublished":"2023-06-05T15:24:32+00:00","dateModified":"2023-06-07T10:00:36+00:00","breadcrumb":{"@id":"https:\/\/briliant.borkoilic.com\/?page_id=159#breadcrumb"},"inLanguage":"en-GB","potentialAction":[{"@type":"ReadAction","target":["https:\/\/briliant.borkoilic.com\/?page_id=159"]}]},{"@type":"ImageObject","inLanguage":"en-GB","@id":"https:\/\/briliant.borkoilic.com\/?page_id=159#primaryimage","url":"https:\/\/briliant.borkoilic.com\/wp-content\/uploads\/2023\/06\/haileelashes.jpg","contentUrl":"https:\/\/briliant.borkoilic.com\/wp-content\/uploads\/2023\/06\/haileelashes.jpg"},{"@type":"BreadcrumbList","@id":"https:\/\/briliant.borkoilic.com\/?page_id=159#breadcrumb","itemListElement":[{"@type":"ListItem","position":1,"name":"Home","item":"https:\/\/briliant.borkoilic.com\/"},{"@type":"ListItem","position":2,"name":"NADOGRADNJA TREPAVICA"}]},{"@type":"WebSite","@id":"https:\/\/briliant.borkoilic.com\/#website","url":"https:\/\/briliant.borkoilic.com\/","name":"kozmetickistudiobriliant.rs","description":"Kozmeti\u010dki Studio Briliant","potentialAction":[{"@type":"SearchAction","target":{"@type":"EntryPoint","urlTemplate":"https:\/\/briliant.borkoilic.com\/?s={search_term_string}"},"query-input":{"@type":"PropertyValueSpecification","valueRequired":true,"valueName":"search_term_string"}}],"inLanguage":"en-GB"}]}},"_links":{"self":[{"href":"https:\/\/briliant.borkoilic.com\/index.php?rest_route=\/wp\/v2\/pages\/159","targetHints":{"allow":["GET"]}}],"collection":[{"href":"https:\/\/briliant.borkoilic.com\/index.php?rest_route=\/wp\/v2\/pages"}],"about":[{"href":"https:\/\/briliant.borkoilic.com\/index.php?rest_route=\/wp\/v2\/types\/page"}],"author":[{"embeddable":true,"href":"https:\/\/briliant.borkoilic.com\/index.php?rest_route=\/wp\/v2\/users\/1"}],"replies":[{"embeddable":true,"href":"https:\/\/briliant.borkoilic.com\/index.php?rest_route=%2Fwp%2Fv2%2Fcomments&post=159"}],"version-history":[{"count":10,"href":"https:\/\/briliant.borkoilic.com\/index.php?rest_route=\/wp\/v2\/pages\/159\/revisions"}],"predecessor-version":[{"id":360,"href":"https:\/\/briliant.borkoilic.com\/index.php?rest_route=\/wp\/v2\/pages\/159\/revisions\/360"}],"wp:attachment":[{"href":"https:\/\/briliant.borkoilic.com\/index.php?rest_route=%2Fwp%2Fv2%2Fmedia&parent=159"}],"curies":[{"name":"wp","href":"https:\/\/api.w.org\/{rel}","templated":true}]}}